{"id":908,"date":"2021-02-23T17:20:35","date_gmt":"2021-02-23T16:20:35","guid":{"rendered":"https:\/\/www.loversff.com\/?page_id=908"},"modified":"2026-03-19T14:09:05","modified_gmt":"2026-03-19T13:09:05","slug":"regolamento-lovers-film-festival","status":"publish","type":"page","link":"https:\/\/www.loversff.com\/it\/regolamento-lovers-film-festival\/","title":{"rendered":"Regolamento Lovers Film Festival"},"content":{"rendered":"<section class=\"l-section wpb_row height_medium\"><div class=\"l-section-h i-cf\"><div class=\"g-cols vc_row type_default valign_top\"><div class=\"vc_col-sm-12 wpb_column vc_column_container\"><div class=\"vc_column-inner\"><div class=\"wpb_wrapper\"><div class=\"w-separator size_custom\" style=\"height:300px;\"><\/div><\/div><\/div><\/div><\/div><\/div><\/section><section class=\"l-section wpb_row height_auto\"><div class=\"l-section-h i-cf\"><div class=\"g-cols vc_row type_default valign_top\"><div class=\"vc_col-sm-12 wpb_column vc_column_container\"><div class=\"vc_column-inner\"><div class=\"wpb_wrapper\"><div class=\"w-separator size_medium\"><\/div><div class=\"w-hwrapper align_left valign_top\">[vc_custom_heading text=&#8221;Regolamento&#8221; font_container=&#8221;tag:h1|text_align:left&#8221; use_theme_fonts=&#8221;yes&#8221; css=&#8221;%7B%22default%22%3A%7B%22color%22%3A%22%23831f81%22%2C%22font-size%22%3A%222.5rem%22%2C%22line-height%22%3A%222.5rem%22%2C%22margin-left%22%3A%220px%22%2C%22margin-top%22%3A%220px%22%2C%22margin-bottom%22%3A%220px%22%2C%22margin-right%22%3A%220px%22%2C%22padding-left%22%3A%220px%22%2C%22padding-top%22%3A%220px%22%2C%22padding-bottom%22%3A%220px%22%2C%22padding-right%22%3A%220px%22%7D%7D&#8221;][vc_custom_heading text=&#8221;Lovers Film Festival&#8221; font_container=&#8221;tag:h1|text_align:left&#8221; use_theme_fonts=&#8221;yes&#8221; css=&#8221;%7B%22default%22%3A%7B%22color%22%3A%22%23ef7b00%22%2C%22font-size%22%3A%222.5rem%22%2C%22line-height%22%3A%222.5rem%22%2C%22margin-left%22%3A%2210px%22%2C%22margin-top%22%3A%220px%22%2C%22margin-bottom%22%3A%220px%22%2C%22margin-right%22%3A%220px%22%2C%22padding-left%22%3A%220px%22%2C%22padding-top%22%3A%220px%22%2C%22padding-bottom%22%3A%220px%22%2C%22padding-right%22%3A%220px%22%7D%7D&#8221;]<\/div><div class=\"w-separator size_medium\"><\/div><div class=\"wpb_text_column\"><div class=\"wpb_wrapper\"><p>Il <strong>41\u00b0 Lovers Film Festival<\/strong> \u00e8 organizzato dal Museo Nazionale del Cinema di Torino ed \u00e8 sovvenzionato principalmente dalla Regione Piemonte, dalla Citt\u00e0 di Torino e dalla Direzione Generale per il Cinema del Ministero per i Beni e le Attivit\u00e0 Culturali. A questi enti si aggiungono altre organizzazioni, istituzioni e sponsor privati.<\/p>\n<h3>DATA E DURATA<\/h3>\n<p>La <strong>41esima edizione<\/strong> del Lovers Film Festival si svolger\u00e0 a Torino dal <strong>16 al 21 aprile 2026<\/strong>.<\/p>\n<h3>SEZIONI UFFICIALI DEL FESTIVAL<\/h3>\n<p>Il programma ufficiale del Festival comprende tre sezioni competitive.<br \/>\n<strong>All the Lovers<\/strong>. Concorso Internazionale LUNGOMETRAGGI<br \/>\nPossono concorrere film di finzione a tematica lgbtqi+<br \/>\n<strong>Real Lovers<\/strong>. Concorso Internazionale DOCUMENTARI<br \/>\nPossono concorrere documentari a tematica lgbtqi+<br \/>\n<strong>Future Lovers<\/strong>. Concorso Internazionale CORTOMETRAGGI<br \/>\nLa sezione ospita cortometraggi internazionali di ogni formato a tematica lgbtqi+, preferibilmente anteprime italiane<br \/>\nInoltre fuori dalla competizione \u00e8 prevista una sezione Eventi Speciali a cura del Comitato di Selezione.<\/p>\n<h3>NORME GENERALI DI PARTECIPAZIONE<\/h3>\n<p>La selezione dei film avviene a cura e giudizio insindacabile della Direzione del Festival. Possono partecipare alle Sezioni Ufficiali in Concorso <span style=\"text-decoration: underline;\">All The Lovers<\/span>, <span style=\"text-decoration: underline;\">Real Lovers<\/span> e <span style=\"text-decoration: underline;\">Future Lovers<\/span> del Festival opere prodotte a partire dal mese di <span style=\"text-decoration: underline;\">gennaio 2025<\/span>. Sono escluse dalla partecipazione alle sezioni competitive le opere gi\u00e0 proiettate in qualsiasi modo in Italia, salvo eccezioni valutate dalla Direzione e dal Comitato di selezione &#8211; ad esclusione della sezione <span style=\"text-decoration: underline;\">Future Lovers<\/span> a cui non verr\u00e0 richiesta la prima nazionale. <strong>Le iscrizioni ricevute dopo le 23:59 del 6 Marzo 2026 non saranno prese in considerazione<\/strong>.<\/p>\n<h3>ISCRIZIONE FILM<\/h3>\n<p>La richiesta di iscrizione al Festival deve essere inoltrata utilizzando FilmFreeway (<span style=\"text-decoration: underline;\">https:\/\/filmfreeway.com\/LoversFilmFestival<\/span>). Durante l\u2019inserimento dei dati verr\u00e0 richiesto il pagamento della quota di iscrizione (5 euro per qualsiasi categoria). Se un film non sar\u00e0 selezionato, la quota di iscrizione non verr\u00e0 rimborsata. Sul nostro sito ufficiale www.loversff.com e\u2019 presente il link di collegamento a FilmFreeway per iscriversi.<br \/>\nSolo le opere invitate dal Festival devono essere corredate da una completa documentazione composta di:<br \/>\n&#8211; streaming link del film valido sino a fine festival<br \/>\n&#8211; scheda tecnica completa e dettagliata;<br \/>\n&#8211; lista completa dei dialoghi in lingua originale con timecode e, se possibile, la loro traduzione in inglese;<br \/>\n&#8211; riassunto dettagliato del soggetto;<br \/>\n&#8211; biofilmografia del regista;<br \/>\n&#8211; una serie di fotografie in formato digitale con risoluzione minima di 300dpi delle quali s\u2019intende autorizzata e gratuita la pubblicazione;<br \/>\n&#8211; una fotografia del regista;<br \/>\n&#8211; una dichiarazione del regista sul film;<br \/>\n&#8211; estratti del film scelti dalla produzione per la promozione del film;<br \/>\n&#8211; eventuale altro materiale promozionale (brochure e press-kit in formato digitale, poster, ecc).<\/p>\n<h3>PREMI<\/h3>\n<p>ALL THE LOVERS &#8211; CONCORSO INTERNAZIONALE LUNGOMETRAGGI<br \/>\nLa Direzione del Festival nominer\u00e0 una Giuria Internazionale incaricata di assegnare i seguenti premi:<br \/>\n&#8211; Miglior Lungometraggio: Premio in denaro \u201cOttavio Mai\u201d del valore di 1.000 Euro per il regista del Film vincitore;<br \/>\n&#8211; Menzione Speciale della Giuria (qualora la Giuria lo ritenesse opportuno).<\/p>\n<p>REAL LOVERS &#8211; CONCORSO INTERNAZIONALE DOCUMENTARI<br \/>\nLa Direzione del Festival nominer\u00e0 una Giuria incaricata di assegnare i seguenti premi:<br \/>\n&#8211; Miglior Documentario: Premio in denaro del valore di 500 Euro per il regista del Film vincitore;<\/p>\n<p>FUTURE LOVERS &#8211; CONCORSO INTERNAZIONALE CORTOMETRAGGI<br \/>\nLa Direzione del Festival nominer\u00e0 una Giuria incaricata di assegnare i seguenti premi:<br \/>\n&#8211; Miglior Cortometraggio: Premio in denaro del valore di 300 euro per il regista del Film vincitore.<\/p>\n<p>PREMIO GIO\u2019 STAJANO<br \/>\nIl Festival, da un&#8217;idea dello scrittore Willy Vaira e di Claudio Carossa, dedica un riconoscimento alla memoria di Gi\u00f2 Stajano, una delle figure pi\u00f9 importanti e significative della cultura LGBTQI+ italiana, per troppo tempo passata in secondo piano.<br \/>\nIl premio consiste nella somma di 500 euro, che saranno donati al film, scelto tra tutte le sezioni del programma, individuato dal comitato di selezione del festival e da Willy Vaira.<\/p>\n<h3>ACCETTAZIONE DEL REGOLAMENTO<\/h3>\n<p>L\u2019iscrizione e la partecipazione di un film alla selezione implica l\u2019accettazione completa del presente regolamento e delle decisioni della Direzione in ordine alla presentazione delle opere e al loro inserimento nelle varie sezioni ufficiali del programma.<\/p>\n<p>La compilazione della scheda di iscrizione nonch\u00e9 la sottoscrizione del presente Regolamento, saranno considerati documenti comprovanti la libera accettazione da parte del presentatore del Regolamento stesso e dell\u2019adesione alla manifestazione. Il testo del Regolamento in lingua italiana \u00e8 l&#8217;unico che far\u00e0 fede in caso di contestazioni.<\/p>\n<h3>OPERE SELEZIONATE<\/h3>\n<p>L\u2019inserimento del film in una qualunque delle sezioni del Festival dovr\u00e0 rimanere assolutamente confidenziale fino alla diffusione cartacea e digitale (sul sito web all\u2019indirizzo https:\/\/www.loversff.com) del programma da parte del Festival, pena l\u2019esclusione dalla selezione.<\/p>\n<p>L\u2019accettazione dell\u2019invito da parte del referente comporta l\u2019impegno a mettere a disposizione il film per un massimo di tre proiezioni pubbliche e a non ritirare il film una volta accettato l\u2019invito. Se il film selezionato \u00e8 visibile online su qualunque tipologia di sito internet (anche a pagamento) o \u00e8 possibile effettuare il download del file, il film verr\u00e0 squalificato ed eliminato dal programma del Festival.<\/p>\n<p>La decisione rimane a giudizio insindacabile della direzione del Festival.<\/p>\n<p>Una volta accettato l\u2019invito ufficiale del Festival per far parte del programma della manifestazione, il film non pu\u00f2 essere ritirato in nessun modo.<\/p>\n<p>La programmazione e gli orari di proiezione sono di competenza esclusiva della Direzione del Festival.<\/p>\n<p>Tutti i film invitati dovranno poter garantire al Festival una copia della lista dialoghi in inglese o italiano con timecode e una copia fedele del montaggio definitivo per le necessit\u00e0 del sottotitolaggio elettronico.<\/p>\n<p>Le spese di traduzione e sottotitolaggio elettronico in lingua italiana delle opere presentate nelle sezioni principali saranno a carico del Festival, salvo diversa esplicita richiesta dei referenti.<\/p>\n<p>Allo scopo di promuovere adeguatamente i film di tutte le sezioni sulle varie emittenti tv, sul sito e sui profili social del Festival (Facebook fanpage, Twitter e YouTube) si invitano i referenti a far pervenire alla sede del Festival, unitamente agli altri materiali, clip e trailers ufficiali dei film selezionati nel caso fossero disponibili (solo ed esclusivamente in supporto digitale).<\/p>\n<p>Il Festival si riserva la possibilit\u00e0 di creare dei trailer dal materiale originale inviato dal referente da usarsi esclusivamente come mezzo di promozione sui canali internet della manifestazione, all\u2019interno delle sale cinematografiche in cui il Festival avr\u00e0 luogo e per altri scopi promozionali. In osservanza dei regolamenti internazionali in materia, solo questi materiali verranno consegnati dal Festival alle reti televisive.<\/p>\n<p><strong>Digital Cinema Package (DCP)<\/strong> L\u2019unico formato di proiezione accettato dal Festival \u00e8 il Digital Cinema Package (DCP) con consegna digitale.<\/p>\n<\/div><\/div><\/div><\/div><\/div><\/div><\/div><\/section><section class=\"l-section wpb_row height_medium\"><div class=\"l-section-h i-cf\"><div class=\"g-cols vc_row type_default valign_top\"><div class=\"vc_col-sm-12 wpb_column vc_column_container\"><div class=\"vc_column-inner\"><div class=\"wpb_wrapper\"><div class=\"wpb_text_column\"><div class=\"wpb_wrapper\"><div id=\"quform-53b3c7\" class=\"quform quform-4 quform-support-page-caching\"><form id=\"quform-form-53b3c7\" class=\"quform-form quform-form-4\" action=\"\/it\/wp-json\/wp\/v2\/pages\/908#quform-53b3c7\" method=\"post\" enctype=\"multipart\/form-data\" novalidate=\"novalidate\" data-options=\"{&quot;id&quot;:4,&quot;uniqueId&quot;:&quot;53b3c7&quot;,&quot;theme&quot;:&quot;&quot;,&quot;ajax&quot;:true,&quot;logic&quot;:{&quot;logic&quot;:{&quot;13&quot;:{&quot;action&quot;:true,&quot;match&quot;:&quot;all&quot;,&quot;rules&quot;:[{&quot;elementId&quot;:&quot;5&quot;,&quot;operator&quot;:&quot;eq&quot;,&quot;optionId&quot;:&quot;1&quot;,&quot;value&quot;:&quot;Y&quot;}]}},&quot;dependents&quot;:{&quot;5&quot;:[13]},&quot;elementIds&quot;:[13],&quot;dependentElementIds&quot;:[&quot;5&quot;],&quot;animate&quot;:false},&quot;currentPageId&quot;:1,&quot;errorsIcon&quot;:&quot;&quot;,&quot;updateFancybox&quot;:true,&quot;hasPages&quot;:false,&quot;pages&quot;:[1],&quot;pageProgressType&quot;:&quot;numbers&quot;,&quot;tooltipsEnabled&quot;:true,&quot;tooltipClasses&quot;:&quot;qtip-quform-dark qtip-shadow&quot;,&quot;tooltipMy&quot;:&quot;left center&quot;,&quot;tooltipAt&quot;:&quot;right center&quot;,&quot;isRtl&quot;:false,&quot;scrollOffset&quot;:-50,&quot;scrollSpeed&quot;:800}\"><button class=\"quform-default-submit\" name=\"quform_submit\" type=\"submit\" value=\"submit\"><\/button><div class=\"quform-form-inner quform-form-inner-4\"><input type=\"hidden\" name=\"quform_form_id\" value=\"4\" \/><input type=\"hidden\" name=\"quform_form_uid\" value=\"53b3c7\" \/><input type=\"hidden\" name=\"quform_count\" value=\"1\" \/><input type=\"hidden\" name=\"form_url\" value=\"https:\/\/www.loversff.com\/it\/wp-json\/wp\/v2\/pages\/908\" \/><input type=\"hidden\" name=\"referring_url\" value=\"\" \/><input type=\"hidden\" name=\"post_id\" value=\"\" \/><input type=\"hidden\" name=\"post_title\" value=\"\" \/><input type=\"hidden\" name=\"quform_current_page_id\" value=\"1\" \/><input type=\"hidden\" name=\"quform_csrf_token\" value=\"yLL84FHLwmqCpeOttuQJilG6Q29V0BZA8lPdjT7J\" \/><div class=\"quform-elements quform-elements-4 quform-cf quform-responsive-elements-phone-landscape\"><div class=\"quform-element quform-element-page quform-page-1 quform-page-4_1 quform-cf quform-group-style-plain quform-first-page quform-last-page quform-current-page\"><div class=\"quform-child-elements\"><div class=\"quform-element quform-element-checkbox quform-element-4_5 quform-cf quform-element-required\"><div class=\"quform-spacer\"><div class=\"quform-label quform-label-4_5\"><label class=\"quform-label-text\" id=\"quform_4_5_53b3c7_label\">Presa visione<span class=\"quform-required\">*<\/span><\/label><\/div><div class=\"quform-inner quform-inner-checkbox quform-inner-4_5\"><div class=\"quform-input quform-input-checkbox quform-input-4_5 quform-cf\"><div class=\"quform-options quform-cf quform-options-block quform-options-simple\" role=\"group\" aria-labelledby=\"quform_4_5_53b3c7_label\"><div class=\"quform-option\"><input type=\"checkbox\" name=\"quform_4_5[]\" id=\"quform_4_5_53b3c7_1\" class=\"quform-field quform-field-checkbox quform-field-4_5 quform-field-4_5_1\" value=\"Y\" \/><label for=\"quform_4_5_53b3c7_1\" class=\"quform-option-label quform-option-label-4_5_1\"><span class=\"quform-option-text\">Accetto<\/span><\/label><\/div><\/div><\/div><p class=\"quform-description quform-description-below\">Dichiaro di aver letto e compreso quanto stabilito dal regolamento del Lovers Film Festival e desidero procedere con la compilazione della scheda di presentazione del mio film.<\/p><\/div><\/div><\/div><div class=\"quform-element quform-element-row quform-element-row-4_9 quform-1-columns quform-element-row-size-fixed quform-responsive-columns-phone-landscape\"><div class=\"quform-element quform-element-column quform-element-4_11\"><div class=\"quform-element quform-element-html quform-element-4_13 quform-cf\"><div class=\"quform-spacer\"><a class=\"w-btn us-btn-style_1 icon_atleft\" href=\"https:\/\/filmfreeway.com\/festivals\/45935?utm_campaign=Lovers+Film+Festival+-+Torino+LGBTQI+Visions&amp;utm_medium=External&amp;utm_source=Submission+Button\" target=\"_blank\" rel=\"noopener\"><i class=\"fas fa-pen\"><\/i><span class=\"w-btn-label\">Fare clic per inviare su FilmFreeway<\/span><\/a><\/div><\/div><\/div><\/div><div class=\"quform-element-tree\"><label for=\"quform_4_0_53b3c7\">Questo campo deve essere lasciato vuoto<\/label><input type=\"text\" id=\"quform_4_0_53b3c7\" name=\"quform_4_0\" class=\"quform-field quform-field-tree quform-field-4_0\" tabindex=\"-1\" autocomplete=\"off\" \/><\/div><\/div><\/div><\/div><\/div><\/form><\/div>\n<\/div><\/div><\/div><\/div><\/div><\/div><\/div><\/section>\n","protected":false},"excerpt":{"rendered":"[vc_custom_heading text=\"Regolamento\" font_container=\"tag:h1|text_align:left\" use_theme_fonts=\"yes\" css=\"%7B%22default%22%3A%7B%22color%22%3A%22%23831f81%22%2C%22font-size%22%3A%222.5rem%22%2C%22line-height%22%3A%222.5rem%22%2C%22margin-left%22%3A%220px%22%2C%22margin-top%22%3A%220px%22%2C%22margin-bottom%22%3A%220px%22%2C%22margin-right%22%3A%220px%22%2C%22padding-left%22%3A%220px%22%2C%22padding-top%22%3A%220px%22%2C%22padding-bottom%22%3A%220px%22%2C%22padding-right%22%3A%220px%22%7D%7D\"][vc_custom_heading text=\"Lovers Film Festival\" font_container=\"tag:h1|text_align:left\" use_theme_fonts=\"yes\" css=\"%7B%22default%22%3A%7B%22color%22%3A%22%23ef7b00%22%2C%22font-size%22%3A%222.5rem%22%2C%22line-height%22%3A%222.5rem%22%2C%22margin-left%22%3A%2210px%22%2C%22margin-top%22%3A%220px%22%2C%22margin-bottom%22%3A%220px%22%2C%22margin-right%22%3A%220px%22%2C%22padding-left%22%3A%220px%22%2C%22padding-top%22%3A%220px%22%2C%22padding-bottom%22%3A%220px%22%2C%22padding-right%22%3A%220px%22%7D%7D\"]Il 41\u00b0 Lovers Film Festival \u00e8 organizzato dal Museo Nazionale del Cinema di Torino ed \u00e8 sovvenzionato principalmente dalla Regione Piemonte, dalla Citt\u00e0 di Torino e dalla Direzione Generale per il Cinema del Ministero per i Beni e le Attivit\u00e0 Culturali. A questi enti si...","protected":false},"author":2,"featured_media":263,"parent":0,"menu_order":0,"comment_status":"closed","ping_status":"closed","template":"","meta":{"footnotes":""},"class_list":["post-908","page","type-page","status-publish","has-post-thumbnail","hentry"],"_links":{"self":[{"href":"https:\/\/www.loversff.com\/it\/wp-json\/wp\/v2\/pages\/908","targetHints":{"allow":["GET"]}}],"collection":[{"href":"https:\/\/www.loversff.com\/it\/wp-json\/wp\/v2\/pages"}],"about":[{"href":"https:\/\/www.loversff.com\/it\/wp-json\/wp\/v2\/types\/page"}],"author":[{"embeddable":true,"href":"https:\/\/www.loversff.com\/it\/wp-json\/wp\/v2\/users\/2"}],"replies":[{"embeddable":true,"href":"https:\/\/www.loversff.com\/it\/wp-json\/wp\/v2\/comments?post=908"}],"version-history":[{"count":17,"href":"https:\/\/www.loversff.com\/it\/wp-json\/wp\/v2\/pages\/908\/revisions"}],"predecessor-version":[{"id":5451,"href":"https:\/\/www.loversff.com\/it\/wp-json\/wp\/v2\/pages\/908\/revisions\/5451"}],"wp:featuredmedia":[{"embeddable":true,"href":"https:\/\/www.loversff.com\/it\/wp-json\/wp\/v2\/media\/263"}],"wp:attachment":[{"href":"https:\/\/www.loversff.com\/it\/wp-json\/wp\/v2\/media?parent=908"}],"curies":[{"name":"wp","href":"https:\/\/api.w.org\/{rel}","templated":true}]}}